{"id":4144,"date":"2020-12-22T10:34:03","date_gmt":"2020-12-22T10:34:03","guid":{"rendered":"https:\/\/spwear.es\/?page_id=4144"},"modified":"2022-08-24T09:19:40","modified_gmt":"2022-08-24T09:19:40","slug":"politique-cookies","status":"publish","type":"page","link":"https:\/\/spwear.es\/fr\/politique-cookies\/","title":{"rendered":"Politique de Cookies"},"content":{"rendered":"\t\t<div data-elementor-type=\"wp-page\" data-elementor-id=\"4144\" class=\"elementor elementor-4144 elementor-4131\" data-elementor-post-type=\"page\">\n\t\t\t\t\t\t<section class=\"elementor-section elementor-top-section elementor-element elementor-element-238f81e6 elementor-section-boxed elementor-section-height-default elementor-section-height-default\" data-id=\"238f81e6\" data-element_type=\"section\">\n\t\t\t\t\t\t<div class=\"elementor-container elementor-column-gap-default\">\n\t\t\t\t\t<div class=\"elementor-column elementor-col-100 elementor-top-column elementor-element elementor-element-78b8b19f\" data-id=\"78b8b19f\" data-element_type=\"column\">\n\t\t\t<div class=\"elementor-widget-wrap elementor-element-populated\">\n\t\t\t\t\t\t<div class=\"elementor-element elementor-element-32943942 elementor-widget elementor-widget-text-editor\" data-id=\"32943942\" data-element_type=\"widget\" data-widget_type=\"text-editor.default\">\n\t\t\t\t<div class=\"elementor-widget-container\">\n\t\t\t\t\t\t\t\t\t<p>Cette politique de cookies est un compl\u00e9ment \u00e0 la <span style=\"text-decoration: underline;\"><a href=\"https:\/\/spwear.es\/fr\/politique-confidencialite\/\">politique de confidentialit\u00e9<\/a><\/span> du site Web spwear.es (ci-apr\u00e8s, le \u00absite Web\u00bb) appartenant \u00e0 Sportwear Argentona S.A. (ci-apr\u00e8s \u2018SPW Fabrics\u2019). L\u2019acc\u00e8s et la navigation du Site, ou l\u2019utilisation de ses services, implique l\u2019acceptation des dispositions de l\u2019<span style=\"text-decoration: underline;\"><a href=\"https:\/\/spwear.es\/fr\/avis-juridique\/\">Avis L\u00e9gal<\/a><\/span> du Site et de sa <span style=\"text-decoration: underline;\"><a href=\"https:\/\/spwear.es\/fr\/politique-confidencialite\/\">Politique de Confidentialit\u00e9<\/a><\/span>.<\/p><p>Afin de faciliter la navigation sur le site Web, SPW Fabrics, avec si\u00e8ge social \u00e0 Cam\u00ed del Cementiri, 4 08319 Dosrius, Barcelona, avec NIF\/ CI A61806360, vous informe qu\u2019il utilise des cookies ou d\u2019autres fichiers de fonctionnalit\u00e9 similaire (ci-apr\u00e8s, \u00abCookies\u00bb).<\/p><h3>Qu\u2019est-ce qu\u2019un cookie?<\/h3><p>Les cookies sont des fichiers qui contiennent de petites quantit\u00e9s d\u2019informations t\u00e9l\u00e9charg\u00e9es sur l\u2019appareil de l\u2019utilisateur lorsqu\u2019il visite une page Web. Son but principal est de reconna\u00eetre l\u2019utilisateur chaque fois qu\u2019il acc\u00e8de au Site, ce qui permet \u00e9galement d\u2019am\u00e9liorer la qualit\u00e9 et d\u2019offrir une meilleure utilisation du Site.<\/p><p>Les cookies sont essentiels au fonctionnement d\u2019Internet, car ils aident, entre autres fonctions, \u00e0 identifier et \u00e0 r\u00e9soudre d\u2019\u00e9ventuelles erreurs dans le fonctionnement du site Web.<\/p><h3>Utilisation de cookies par SPW Fabrics<\/h3><p>L\u2019acc\u00e8s au site implique l\u2019acceptation expresse de l\u2019utilisation des cookies d\u00e9taill\u00e9s dans cette politique dans les appareils utilis\u00e9s pour acc\u00e9der \u00e0 ces cookies. Si les cookies sont d\u00e9sactiv\u00e9s, l\u2019utilisation du site peut ne pas \u00eatre optimale et certains utilitaires disponibles sur le site peuvent ne pas fonctionner correctement.<\/p><p>Plus pr\u00e9cis\u00e9ment, SPW Fabrics utilise des cookies pour identifier les utilisateurs qui acceptent l\u2019utilisation de cookies par le site Web et permettre l\u2019installation de ceux-ci, permettre aux utilisateurs de se connecter dans les cas o\u00f9 il est n\u00e9cessaire d\u2019acc\u00e9der \u00e0 certains sections du site Web, ainsi que de se souvenir des donn\u00e9es de connexion de ces utilisateurs lors de visites futures et ainsi \u00eatre en mesure d\u2019offrir une exp\u00e9rience de navigation plus confortable, ainsi que d\u2019\u00e9valuer l\u2019utilisation du site Web et de son activit\u00e9.<\/p><p>De m\u00eame, les cookies aident et prot\u00e8gent les utilisateurs contre d\u2019\u00e9ventuelles attaques qu\u2019ils pourraient recevoir de la part de tiers.<\/p><h3>Cookies utilis\u00e9s sur ce site:<\/h3><p>Ce site utilise les cookies propres suivants:<\/p><p><strong>S\u00e9ance<\/strong>: Pour \u00e9viter d\u2019avoir \u00e0 vous identifier chaque fois que vous interagissez avec le site, sauf si vous avez ferm\u00e9 le navigateur et l\u2019avez rouvert.<\/p><p>Ce site utilise les cookies tiers suivants:<\/p><p><strong>Google Analytics<\/strong>: Les cookies sont stock\u00e9s afin de compiler des statistiques sur le trafic et le volume de visites sur ce site. En utilisant ce site, vous consentez au traitement de vos informations par Google. Par cons\u00e9quent, l\u2019exercice de tout droit \u00e0 cet \u00e9gard doit \u00eatre fait en communiquant directement avec Google.<br \/><strong>R\u00e9seaux sociaux: chaque r\u00e9seau social utilise ses propres cookies afin que vous puissiez cliquer sur des boutons tels que \u2018J\u2019aime\u2019 ou \u2018Partager\u2019.<\/strong><\/p><p><strong>Les cookies utilis\u00e9s sur ce site ne collectent pas de donn\u00e9es personnelles.<\/strong><\/p><h3>D\u00e9sactivation ou \u00e9limination des cookies<\/h3><p>Vous pouvez \u00e0 tout moment exercer votre droit de d\u00e9sactiver ou d\u2019\u00e9liminer les cookies de ce site. De cette fa\u00e7on, vous emp\u00eachez les cookies d\u2019\u00eatre stock\u00e9s dans votre navigateur. Ces actions sont effectu\u00e9es diff\u00e9remment selon le navigateur que vous utilisez:<\/p><p><span style=\"text-decoration: underline;\"><a href=\"http:\/\/support.mozilla.org\/es\/kb\/habilitar-y-deshabilitar-cookies-que-los-sitios-we\" target=\"_blank\" rel=\"noreferrer noopener\">Mozilla Firefox<\/a><\/span><\/p><p><span style=\"text-decoration: underline;\"><a href=\"http:\/\/support.google.com\/chrome\/bin\/answer.py?hl=es&amp;answer=95647\" target=\"_blank\" rel=\"noreferrer noopener\">Google Chrome<\/a><\/span><\/p><p><span style=\"text-decoration: underline;\"><a href=\"https:\/\/support.microsoft.com\/ca-es\/help\/17442\/windows-internet-explorer-delete-manage-cookies\" target=\"_blank\" rel=\"noreferrer noopener\">Internet Explorer<\/a><\/span><\/p><p><span style=\"text-decoration: underline;\"><a href=\"http:\/\/support.apple.com\/kb\/ph5042\" target=\"_blank\" rel=\"noreferrer noopener\">Safari<\/a><\/span><\/p><p><span style=\"text-decoration: underline;\"><a href=\"http:\/\/help.opera.com\/Windows\/11.50\/es-ES\/cookies.html\" target=\"_blank\" rel=\"noreferrer noopener\">Opera<\/a><\/span><\/p><p><strong>Derni\u00e8re mise \u00e0 jour: 15 septembre 2019<\/strong><\/p>\t\t\t\t\t\t\t\t<\/div>\n\t\t\t\t<\/div>\n\t\t\t\t\t<\/div>\n\t\t<\/div>\n\t\t\t\t\t<\/div>\n\t\t<\/section>\n\t\t\t\t<\/div>\n\t\t","protected":false},"excerpt":{"rendered":"<p>Cette politique de cookies est un compl\u00e9ment \u00e0 la politique de confidentialit\u00e9 du site Web spwear.es (ci-apr\u00e8s, le&#8230;<\/p>\n","protected":false},"author":2,"featured_media":0,"parent":0,"menu_order":0,"comment_status":"closed","ping_status":"closed","template":"elementor_header_footer","meta":{"footnotes":""},"class_list":["post-4144","page","type-page","status-publish","hentry"],"yoast_head":"<!-- This site is optimized with the Yoast SEO plugin v26.1.1 - https:\/\/yoast.com\/wordpress\/plugins\/seo\/ -->\n<title>Politique de Cookies | SPW Fabrics<\/title>\n<meta name=\"robots\" content=\"noindex, follow\" \/>\n<meta property=\"og:locale\" content=\"fr_FR\" \/>\n<meta property=\"og:type\" content=\"article\" \/>\n<meta property=\"og:title\" content=\"Politique de Cookies | SPW Fabrics\" \/>\n<meta property=\"og:description\" content=\"Cette politique de cookies est un compl\u00e9ment \u00e0 la politique de confidentialit\u00e9 du site Web spwear.es (ci-apr\u00e8s, le...\" \/>\n<meta property=\"og:url\" content=\"https:\/\/spwear.es\/fr\/politique-cookies\/\" \/>\n<meta property=\"og:site_name\" content=\"SPW Fabrics\" \/>\n<meta property=\"article:modified_time\" content=\"2022-08-24T09:19:40+00:00\" \/>\n<meta name=\"twitter:card\" content=\"summary_large_image\" \/>\n<meta name=\"twitter:label1\" content=\"Dur\u00e9e de lecture estim\u00e9e\" \/>\n\t<meta name=\"twitter:data1\" content=\"3 minutes\" \/>\n<script type=\"application\/ld+json\" class=\"yoast-schema-graph\">{\"@context\":\"https:\/\/schema.org\",\"@graph\":[{\"@type\":\"WebPage\",\"@id\":\"https:\/\/spwear.es\/fr\/politique-cookies\/\",\"url\":\"https:\/\/spwear.es\/fr\/politique-cookies\/\",\"name\":\"Politique de Cookies | SPW Fabrics\",\"isPartOf\":{\"@id\":\"https:\/\/spwear.es\/#website\"},\"datePublished\":\"2020-12-22T10:34:03+00:00\",\"dateModified\":\"2022-08-24T09:19:40+00:00\",\"breadcrumb\":{\"@id\":\"https:\/\/spwear.es\/fr\/politique-cookies\/#breadcrumb\"},\"inLanguage\":\"fr-FR\",\"potentialAction\":[{\"@type\":\"ReadAction\",\"target\":[\"https:\/\/spwear.es\/fr\/politique-cookies\/\"]}]},{\"@type\":\"BreadcrumbList\",\"@id\":\"https:\/\/spwear.es\/fr\/politique-cookies\/#breadcrumb\",\"itemListElement\":[{\"@type\":\"ListItem\",\"position\":1,\"name\":\"Portada\",\"item\":\"https:\/\/spwear.es\/en\/\"},{\"@type\":\"ListItem\",\"position\":2,\"name\":\"Politique de Cookies\"}]},{\"@type\":\"WebSite\",\"@id\":\"https:\/\/spwear.es\/#website\",\"url\":\"https:\/\/spwear.es\/\",\"name\":\"SPW Fabrics\",\"description\":\"Tejidos destinados al mundo del deporte\",\"potentialAction\":[{\"@type\":\"SearchAction\",\"target\":{\"@type\":\"EntryPoint\",\"urlTemplate\":\"https:\/\/spwear.es\/?s={search_term_string}\"},\"query-input\":{\"@type\":\"PropertyValueSpecification\",\"valueRequired\":true,\"valueName\":\"search_term_string\"}}],\"inLanguage\":\"fr-FR\"}]}<\/script>\n<!-- \/ Yoast SEO plugin. -->","yoast_head_json":{"title":"Politique de Cookies | SPW Fabrics","robots":{"index":"noindex","follow":"follow"},"og_locale":"fr_FR","og_type":"article","og_title":"Politique de Cookies | SPW Fabrics","og_description":"Cette politique de cookies est un compl\u00e9ment \u00e0 la politique de confidentialit\u00e9 du site Web spwear.es (ci-apr\u00e8s, le...","og_url":"https:\/\/spwear.es\/fr\/politique-cookies\/","og_site_name":"SPW Fabrics","article_modified_time":"2022-08-24T09:19:40+00:00","twitter_card":"summary_large_image","twitter_misc":{"Dur\u00e9e de lecture estim\u00e9e":"3 minutes"},"schema":{"@context":"https:\/\/schema.org","@graph":[{"@type":"WebPage","@id":"https:\/\/spwear.es\/fr\/politique-cookies\/","url":"https:\/\/spwear.es\/fr\/politique-cookies\/","name":"Politique de Cookies | SPW Fabrics","isPartOf":{"@id":"https:\/\/spwear.es\/#website"},"datePublished":"2020-12-22T10:34:03+00:00","dateModified":"2022-08-24T09:19:40+00:00","breadcrumb":{"@id":"https:\/\/spwear.es\/fr\/politique-cookies\/#breadcrumb"},"inLanguage":"fr-FR","potentialAction":[{"@type":"ReadAction","target":["https:\/\/spwear.es\/fr\/politique-cookies\/"]}]},{"@type":"BreadcrumbList","@id":"https:\/\/spwear.es\/fr\/politique-cookies\/#breadcrumb","itemListElement":[{"@type":"ListItem","position":1,"name":"Portada","item":"https:\/\/spwear.es\/en\/"},{"@type":"ListItem","position":2,"name":"Politique de Cookies"}]},{"@type":"WebSite","@id":"https:\/\/spwear.es\/#website","url":"https:\/\/spwear.es\/","name":"SPW Fabrics","description":"Tejidos destinados al mundo del deporte","potentialAction":[{"@type":"SearchAction","target":{"@type":"EntryPoint","urlTemplate":"https:\/\/spwear.es\/?s={search_term_string}"},"query-input":{"@type":"PropertyValueSpecification","valueRequired":true,"valueName":"search_term_string"}}],"inLanguage":"fr-FR"}]}},"_links":{"self":[{"href":"https:\/\/spwear.es\/fr\/wp-json\/wp\/v2\/pages\/4144","targetHints":{"allow":["GET"]}}],"collection":[{"href":"https:\/\/spwear.es\/fr\/wp-json\/wp\/v2\/pages"}],"about":[{"href":"https:\/\/spwear.es\/fr\/wp-json\/wp\/v2\/types\/page"}],"author":[{"embeddable":true,"href":"https:\/\/spwear.es\/fr\/wp-json\/wp\/v2\/users\/2"}],"replies":[{"embeddable":true,"href":"https:\/\/spwear.es\/fr\/wp-json\/wp\/v2\/comments?post=4144"}],"version-history":[{"count":14,"href":"https:\/\/spwear.es\/fr\/wp-json\/wp\/v2\/pages\/4144\/revisions"}],"predecessor-version":[{"id":5215,"href":"https:\/\/spwear.es\/fr\/wp-json\/wp\/v2\/pages\/4144\/revisions\/5215"}],"wp:attachment":[{"href":"https:\/\/spwear.es\/fr\/wp-json\/wp\/v2\/media?parent=4144"}],"curies":[{"name":"wp","href":"https:\/\/api.w.org\/{rel}","templated":true}]}}