{"id":5825,"date":"2025-01-10T09:04:45","date_gmt":"2025-01-10T09:04:45","guid":{"rendered":"https:\/\/spwear.es\/politica-integrada-de-gestion\/"},"modified":"2025-01-10T09:09:18","modified_gmt":"2025-01-10T09:09:18","slug":"politique-gestion-integree","status":"publish","type":"page","link":"https:\/\/spwear.es\/fr\/politique-gestion-integree\/","title":{"rendered":"Politique de gestion int\u00e9gr\u00e9e"},"content":{"rendered":"\t\t<div data-elementor-type=\"wp-page\" data-elementor-id=\"5825\" class=\"elementor elementor-5825 elementor-5790\" data-elementor-post-type=\"page\">\n\t\t\t\t\t\t<section class=\"elementor-section elementor-top-section elementor-element elementor-element-238f81e6 elementor-section-boxed elementor-section-height-default elementor-section-height-default\" data-id=\"238f81e6\" data-element_type=\"section\">\n\t\t\t\t\t\t<div class=\"elementor-container elementor-column-gap-default\">\n\t\t\t\t\t<div class=\"elementor-column elementor-col-100 elementor-top-column elementor-element elementor-element-78b8b19f\" data-id=\"78b8b19f\" data-element_type=\"column\">\n\t\t\t<div class=\"elementor-widget-wrap elementor-element-populated\">\n\t\t\t\t\t\t<div class=\"elementor-element elementor-element-32943942 elementor-widget elementor-widget-text-editor\" data-id=\"32943942\" data-element_type=\"widget\" data-widget_type=\"text-editor.default\">\n\t\t\t\t<div class=\"elementor-widget-container\">\n\t\t\t\t\t\t\t\t\t<h2>POLITIQUE DE GESTION INT\u00c9GR\u00c9E<\/h2>\nLa politique int\u00e9gr\u00e9e de SPW Fabrics constitue la base de l&#8217;engagement de la Direction de l&#8217;organisation en mati\u00e8re de gestion de la qualit\u00e9 de nos tissus et services, de soin de la sant\u00e9 et de la s\u00e9curit\u00e9 des personnes, ainsi que de protection de l&#8217;environnement.\n\nCette politique, obligatoire, repose sur les principes suivants :\n<ul>\n \t<li><strong>Atteindre la qualit\u00e9 maximale<\/strong>, en respectant l&#8217;objectif d&#8217;am\u00e9lioration continue de nos tissus et services et en garantissant la satisfaction du client ;<\/li>\n \t<li><strong>Favoriser une culture innovante<\/strong>, ainsi que le d\u00e9veloppement de projets de R&amp;D&amp;I comme \u00e9l\u00e9ment fondamental pour atteindre la diff\u00e9renciation et am\u00e9liorer la comp\u00e9titivit\u00e9 de l&#8217;entreprise ;<\/li>\n \t<li><strong>Respecter l&#8217;environnement<\/strong>, en \u00e9tant conscients que les principaux impacts environnementaux que nous g\u00e9n\u00e9rons dans notre activit\u00e9 sont li\u00e9s \u00e0 la consommation de ressources (\u00e9nergie, mati\u00e8res d&#8217;origine p\u00e9trochimique et eau), ainsi qu&#8217;\u00e0 la production de d\u00e9chets et \u00e0 l&#8217;empreinte carbone. Nous orientons nos efforts vers la protection et la conservation de l&#8217;environnement et la r\u00e9duction de notre impact ;<\/li>\n \t<li><strong>G\u00e9rer la sant\u00e9 et la s\u00e9curit\u00e9 au travail<\/strong>, comme principe de base pour contr\u00f4ler les risques et am\u00e9liorer la performance en mati\u00e8re de sant\u00e9 et de s\u00e9curit\u00e9 de nos travailleurs ;<\/li>\n \t<li><strong>Respecter toutes les exigences l\u00e9gales et r\u00e9glementaires<\/strong>, ainsi que d&#8217;autres exigences qui nous sont applicables ;<\/li>\n \t<li><strong>Maintenir une honn\u00eatet\u00e9 personnelle et professionnelle<\/strong>, une valeur fondamentale dans toutes nos relations internes, avec nos fournisseurs, collaborateurs, clients et la soci\u00e9t\u00e9 dans laquelle nous \u00e9voluons. Pour cette raison, nous adopterons un comportement honn\u00eate dans toutes nos relations.<\/li>\n<\/ul>\n<strong>Derni\u00e8re mise \u00e0 jour : 10 janvier 2025<\/strong>\t\t\t\t\t\t\t\t<\/div>\n\t\t\t\t<\/div>\n\t\t\t\t\t<\/div>\n\t\t<\/div>\n\t\t\t\t\t<\/div>\n\t\t<\/section>\n\t\t\t\t<\/div>\n\t\t","protected":false},"excerpt":{"rendered":"<p>POLITIQUE DE GESTION INT\u00c9GR\u00c9E La politique int\u00e9gr\u00e9e de SPW Fabrics constitue la base de l&#8217;engagement de la Direction&#8230;<\/p>\n","protected":false},"author":2,"featured_media":0,"parent":0,"menu_order":0,"comment_status":"closed","ping_status":"closed","template":"elementor_header_footer","meta":{"footnotes":""},"class_list":["post-5825","page","type-page","status-publish","hentry"],"yoast_head":"<!-- This site is optimized with the Yoast SEO plugin v26.1.1 - https:\/\/yoast.com\/wordpress\/plugins\/seo\/ -->\n<title>Politique de gestion int\u00e9gr\u00e9e | SPW Fabrics<\/title>\n<meta name=\"robots\" content=\"noindex, follow\" \/>\n<meta property=\"og:locale\" content=\"fr_FR\" \/>\n<meta property=\"og:type\" content=\"article\" \/>\n<meta property=\"og:title\" content=\"Politique de gestion int\u00e9gr\u00e9e | SPW Fabrics\" \/>\n<meta property=\"og:description\" content=\"POLITIQUE DE GESTION INT\u00c9GR\u00c9E La politique int\u00e9gr\u00e9e de SPW Fabrics constitue la base de l&#8217;engagement de la Direction...\" \/>\n<meta property=\"og:url\" content=\"https:\/\/spwear.es\/fr\/politique-gestion-integree\/\" \/>\n<meta property=\"og:site_name\" content=\"SPW Fabrics\" \/>\n<meta property=\"article:modified_time\" content=\"2025-01-10T09:09:18+00:00\" \/>\n<meta name=\"twitter:card\" content=\"summary_large_image\" \/>\n<meta name=\"twitter:label1\" content=\"Dur\u00e9e de lecture estim\u00e9e\" \/>\n\t<meta name=\"twitter:data1\" content=\"2 minutes\" \/>\n<script type=\"application\/ld+json\" class=\"yoast-schema-graph\">{\"@context\":\"https:\/\/schema.org\",\"@graph\":[{\"@type\":\"WebPage\",\"@id\":\"https:\/\/spwear.es\/fr\/politique-gestion-integree\/\",\"url\":\"https:\/\/spwear.es\/fr\/politique-gestion-integree\/\",\"name\":\"Politique de gestion int\u00e9gr\u00e9e | SPW Fabrics\",\"isPartOf\":{\"@id\":\"https:\/\/spwear.es\/#website\"},\"datePublished\":\"2025-01-10T09:04:45+00:00\",\"dateModified\":\"2025-01-10T09:09:18+00:00\",\"breadcrumb\":{\"@id\":\"https:\/\/spwear.es\/fr\/politique-gestion-integree\/#breadcrumb\"},\"inLanguage\":\"fr-FR\",\"potentialAction\":[{\"@type\":\"ReadAction\",\"target\":[\"https:\/\/spwear.es\/fr\/politique-gestion-integree\/\"]}]},{\"@type\":\"BreadcrumbList\",\"@id\":\"https:\/\/spwear.es\/fr\/politique-gestion-integree\/#breadcrumb\",\"itemListElement\":[{\"@type\":\"ListItem\",\"position\":1,\"name\":\"Portada\",\"item\":\"https:\/\/spwear.es\/en\/\"},{\"@type\":\"ListItem\",\"position\":2,\"name\":\"Politique de gestion int\u00e9gr\u00e9e\"}]},{\"@type\":\"WebSite\",\"@id\":\"https:\/\/spwear.es\/#website\",\"url\":\"https:\/\/spwear.es\/\",\"name\":\"SPW Fabrics\",\"description\":\"Tejidos destinados al mundo del deporte\",\"potentialAction\":[{\"@type\":\"SearchAction\",\"target\":{\"@type\":\"EntryPoint\",\"urlTemplate\":\"https:\/\/spwear.es\/?s={search_term_string}\"},\"query-input\":{\"@type\":\"PropertyValueSpecification\",\"valueRequired\":true,\"valueName\":\"search_term_string\"}}],\"inLanguage\":\"fr-FR\"}]}<\/script>\n<!-- \/ Yoast SEO plugin. -->","yoast_head_json":{"title":"Politique de gestion int\u00e9gr\u00e9e | SPW Fabrics","robots":{"index":"noindex","follow":"follow"},"og_locale":"fr_FR","og_type":"article","og_title":"Politique de gestion int\u00e9gr\u00e9e | SPW Fabrics","og_description":"POLITIQUE DE GESTION INT\u00c9GR\u00c9E La politique int\u00e9gr\u00e9e de SPW Fabrics constitue la base de l&#8217;engagement de la Direction...","og_url":"https:\/\/spwear.es\/fr\/politique-gestion-integree\/","og_site_name":"SPW Fabrics","article_modified_time":"2025-01-10T09:09:18+00:00","twitter_card":"summary_large_image","twitter_misc":{"Dur\u00e9e de lecture estim\u00e9e":"2 minutes"},"schema":{"@context":"https:\/\/schema.org","@graph":[{"@type":"WebPage","@id":"https:\/\/spwear.es\/fr\/politique-gestion-integree\/","url":"https:\/\/spwear.es\/fr\/politique-gestion-integree\/","name":"Politique de gestion int\u00e9gr\u00e9e | SPW Fabrics","isPartOf":{"@id":"https:\/\/spwear.es\/#website"},"datePublished":"2025-01-10T09:04:45+00:00","dateModified":"2025-01-10T09:09:18+00:00","breadcrumb":{"@id":"https:\/\/spwear.es\/fr\/politique-gestion-integree\/#breadcrumb"},"inLanguage":"fr-FR","potentialAction":[{"@type":"ReadAction","target":["https:\/\/spwear.es\/fr\/politique-gestion-integree\/"]}]},{"@type":"BreadcrumbList","@id":"https:\/\/spwear.es\/fr\/politique-gestion-integree\/#breadcrumb","itemListElement":[{"@type":"ListItem","position":1,"name":"Portada","item":"https:\/\/spwear.es\/en\/"},{"@type":"ListItem","position":2,"name":"Politique de gestion int\u00e9gr\u00e9e"}]},{"@type":"WebSite","@id":"https:\/\/spwear.es\/#website","url":"https:\/\/spwear.es\/","name":"SPW Fabrics","description":"Tejidos destinados al mundo del deporte","potentialAction":[{"@type":"SearchAction","target":{"@type":"EntryPoint","urlTemplate":"https:\/\/spwear.es\/?s={search_term_string}"},"query-input":{"@type":"PropertyValueSpecification","valueRequired":true,"valueName":"search_term_string"}}],"inLanguage":"fr-FR"}]}},"_links":{"self":[{"href":"https:\/\/spwear.es\/fr\/wp-json\/wp\/v2\/pages\/5825","targetHints":{"allow":["GET"]}}],"collection":[{"href":"https:\/\/spwear.es\/fr\/wp-json\/wp\/v2\/pages"}],"about":[{"href":"https:\/\/spwear.es\/fr\/wp-json\/wp\/v2\/types\/page"}],"author":[{"embeddable":true,"href":"https:\/\/spwear.es\/fr\/wp-json\/wp\/v2\/users\/2"}],"replies":[{"embeddable":true,"href":"https:\/\/spwear.es\/fr\/wp-json\/wp\/v2\/comments?post=5825"}],"version-history":[{"count":13,"href":"https:\/\/spwear.es\/fr\/wp-json\/wp\/v2\/pages\/5825\/revisions"}],"predecessor-version":[{"id":5838,"href":"https:\/\/spwear.es\/fr\/wp-json\/wp\/v2\/pages\/5825\/revisions\/5838"}],"wp:attachment":[{"href":"https:\/\/spwear.es\/fr\/wp-json\/wp\/v2\/media?parent=5825"}],"curies":[{"name":"wp","href":"https:\/\/api.w.org\/{rel}","templated":true}]}}